{"id":51,"date":"2018-12-12T18:48:31","date_gmt":"2018-12-12T18:48:31","guid":{"rendered":"https:\/\/domino-trauerndekinder.de\/wordpress\/?page_id=51"},"modified":"2020-04-22T09:29:17","modified_gmt":"2020-04-22T09:29:17","slug":"jugendliche-bei-domino","status":"publish","type":"page","link":"https:\/\/domino-trauerndekinder.de\/?page_id=51","title":{"rendered":"Jugendliche bei DOMINO"},"content":{"rendered":"\n<p><strong>Eine Gruppe speziell f\u00fcr Jugendliche<\/strong><\/p>\n\n\n\n<p>Die Zeit von 13-18 Jahren ist eine Entwicklungsstufe, die mit heftigen Gef\u00fchlsschwankungen einhergeht. <em>&#8222;Himmelhoch jauchzend \u2013 zu Tode betr\u00fcbt&#8220;<\/em> &#8211; zwei Begriffe, die diese Lebensphase mit beschreiben k\u00f6nnten.&nbsp;<\/p>\n\n\n\n<figure class=\"wp-block-image\"><img loading=\"lazy\" decoding=\"async\" width=\"1010\" height=\"285\" src=\"https:\/\/domino-trauerndekinder.de\/wordpress\/wp-content\/uploads\/2019\/06\/PHOTO-2019-05-28-11-37-14-5.png\" alt=\"\" class=\"wp-image-502\" srcset=\"https:\/\/domino-trauerndekinder.de\/wordpress\/wp-content\/uploads\/2019\/06\/PHOTO-2019-05-28-11-37-14-5.png 1010w, https:\/\/domino-trauerndekinder.de\/wordpress\/wp-content\/uploads\/2019\/06\/PHOTO-2019-05-28-11-37-14-5-300x85.png 300w, https:\/\/domino-trauerndekinder.de\/wordpress\/wp-content\/uploads\/2019\/06\/PHOTO-2019-05-28-11-37-14-5-768x217.png 768w\" sizes=\"auto, (max-width: 1010px) 100vw, 1010px\" \/><figcaption>Bei DOMINO begeben sich die Jugendlichen auf einen gemeinsamen Weg. <br>(hier im Stuntwerk K\u00f6ln)<\/figcaption><\/figure>\n\n\n\n<p>\nVorpubert\u00e4t und Pubert\u00e4t hei\u00dft, die eigene Identit\u00e4t zu finden, \nAbnabelung von den Eltern, Rollenunsicherheit, und daraus folgend, \nvermehrte innere Konflikte. F\u00e4llt in diese Zeit zus\u00e4tzlich ein Verlust \neines geliebten Menschen, bringt dies enorme <strong>seelische Spannungen<\/strong>\n mit sich. Zorn, Wut, Aggression, Leugnen, Auflehnung, Verzweiflung, \nLeere, Einsamkeit &#8211; die Gef\u00fchlspalette der Trauer ist gro\u00df, die Gef\u00fchle \nfahren \u201eAchterbahn\u201c. Gerade in dieser Zeit, in der der Jugendliche mit \nseinen schwankenden Stimmungen k\u00e4mpft, braucht er Ansprechpartner, \nFreunde die ihn mit all seinen Gef\u00fchlen verstehen und \u201eaushalten\u201c \nk\u00f6nnen. So wird es ihm m\u00f6glich, seinen Verlust zu verarbeiten, seine \nGef\u00fchlswelt zu stabilisieren, und nicht die Trauer zu verschleppen und \ndadurch seine Lebensqualit\u00e4t nachhaltig zu beeintr\u00e4chtigen.\n\n<\/p>\n\n\n\n<p><br><\/p>\n\n\n\n<figure class=\"wp-block-image\"><img loading=\"lazy\" decoding=\"async\" width=\"1010\" height=\"568\" src=\"https:\/\/domino-trauerndekinder.de\/wordpress\/wp-content\/uploads\/2019\/06\/DSC_4993_skalierun1010.jpg\" alt=\"\" class=\"wp-image-506\" srcset=\"https:\/\/domino-trauerndekinder.de\/wordpress\/wp-content\/uploads\/2019\/06\/DSC_4993_skalierun1010.jpg 1010w, https:\/\/domino-trauerndekinder.de\/wordpress\/wp-content\/uploads\/2019\/06\/DSC_4993_skalierun1010-300x169.jpg 300w, https:\/\/domino-trauerndekinder.de\/wordpress\/wp-content\/uploads\/2019\/06\/DSC_4993_skalierun1010-768x432.jpg 768w\" sizes=\"auto, (max-width: 1010px) 100vw, 1010px\" \/><figcaption>&#8222;Seelenbretter&#8220; &#8211; In der gemeinsamen Aktion zum Gespr\u00e4ch<\/figcaption><\/figure>\n\n\n\n<p>Bevor DOMINO nach mehr als f\u00fcnf Jahren Erfahrung in der Begleitung mit trauernden Kindern eine&nbsp;<strong>Jugendtrauergruppe<\/strong>  gr\u00fcndete, wurden \u201eehemaligen DOMINO-KINDER\u201c zu einem Gespr\u00e4ch  eingeladen und mit ihnen die Bed\u00fcrfnisse trauernder Jugendlicher  diskutiert. Ein Team von DOMINO-Mitarbeitern und sieben Jugendliche im  Alter von 13-16 Jahren, Anregungen und Meinungen aus ihrer Sicht zu  diesem Angebot. <\/p>\n\n\n\n<figure class=\"wp-block-image\"><img loading=\"lazy\" decoding=\"async\" width=\"1024\" height=\"576\" src=\"https:\/\/domino-trauerndekinder.de\/wordpress\/wp-content\/uploads\/2019\/03\/DSC_0150-1024x576.jpg\" alt=\"\" class=\"wp-image-338\" srcset=\"https:\/\/domino-trauerndekinder.de\/wordpress\/wp-content\/uploads\/2019\/03\/DSC_0150-1024x576.jpg 1024w, https:\/\/domino-trauerndekinder.de\/wordpress\/wp-content\/uploads\/2019\/03\/DSC_0150-300x169.jpg 300w, https:\/\/domino-trauerndekinder.de\/wordpress\/wp-content\/uploads\/2019\/03\/DSC_0150-768x432.jpg 768w\" sizes=\"auto, (max-width: 1024px) 100vw, 1024px\" \/><figcaption>Selbst gestaltete Erinnerungskerzen<\/figcaption><\/figure>\n\n\n\n<p>Ein flexibles Programm im Rahmen einer offenen regelm\u00e4\u00dfig stattfinden Gruppe, mit Trauerangeboten, die von den Jugendlichen mitgestaltet werden k\u00f6nnen. Viel Raum f\u00fcr Gespr\u00e4che, bis hin zu gemeinsamen Wochenendangeboten. Zwei Mitarbeiterinnen von <strong>DOMINO<\/strong> leiten und moderieren die im 14-t\u00e4gigen Rhythmus stattfindenden Gruppenstunden.<\/p>\n\n\n\n<hr class=\"wp-block-separator is-style-wide\"\/>\n\n\n\n<h2 class=\"wp-block-heading\">Beitr\u00e4ge aus der Gruppe:<\/h2>\n\n\n\n<blockquote class=\"wp-block-quote is-layout-flow wp-block-quote-is-layout-flow\"><p><strong><em>Marie:<\/em><\/strong><br>Hier geht es nicht nur ums Trauern. Denn Trauer vergeht nicht.<br><br>Bei Domino haben wir zusammen Spa\u00df, lachen, albern, reden aber weinen  auch zusammen. W\u00e4hrend man sich zuhause in sein Zimmer verkriecht, um  dort alleine zu weinen, lege ich bei Domino jeden zweiten Donnerstag  alles offen. Hier erz\u00e4hle ich, was in den letzten 14 Tagen passiert ist.  Wer ich bin. Und wen ich wann verloren habe. W\u00e4hrend manche viel zu  erz\u00e4hlen haben, gibt es auch andere denen nicht viel passiert ist. Hier  darf jeder f\u00fcr sich entscheiden was er erz\u00e4hlen m\u00f6chte. Nat\u00fcrlich gibt  aus auch welche die nicht gerne \u00fcber sich reden und somit einfach nur  zuh\u00f6ren. Niemand wird hier zu etwas gezwungen. Hier darf jeder f\u00fcr sich  entscheiden was man offenbaren m\u00f6chte und was nicht. <br>Zuletzt arbeiteten wir zusammen an sogenannten Seelenbretter. Jeder von  uns hat ein Brett aus Holz bekommen, was derjenige Individuell gestalten  darf. Ich versuche auf meinem Brett das Leben von meinem verstorbenen  Vater und mir darzustellen. Mein Vater ist im Mai 2012 bei einem  Motorradunfall ums Leben gekommen. Damals war ich 13. Da mir mein Vater  sehr wichtig war, entschied sich meine Mutter mich bei der Trauergruppe  Domino anzumelden. <br>Am Anfang war ich gegen diese Entscheidung. Ich stellte mir die Gruppen  als Filmen vor, die zusammen im Kreis sa\u00dfen und von deren Problemen  berichteten. Ich wollte da auf gar keinen Fall hin. Doch als der Tag  kam, tat ich meiner Mutter einen gefallen und ging hin. <br>Ich wei\u00df noch genau, wie ich damals auf einem Sitzkissen sa\u00df, direkt  neben dem Fenster und f\u00fcnf andere Jugendliche um mich herumsa\u00dfen. Als  die anderen fertig waren \u00fcber deren vergangen Tage zu erz\u00e4hlen, war ich  an der Reihe und bekam kein Wort raus ohne zu weinen. Doch die anderen  lie\u00dfen mich weinen und versuchten mir zuzuh\u00f6ren. Zu diesem Zeitpunkt ist  mir klar geworden, dass ich nicht alleine bin. Das es dort auch andere  gibt, die das gleiche durch gemacht haben wie ich. <br><br>Mit Hilfe von Domino lernt man mit seiner Trauer umzugehen. <br> Danke Birgit! Danke Anja! <br> und vor allem danke DOMINO!!! <\/p><\/blockquote>\n\n\n\n<h3 class=\"wp-block-heading\"> <strong>Katinka <\/strong><\/h3>\n\n\n\n<p>&#8222;<strong>Auch Freunde wissen nicht viel \u00fcber Trauergef\u00fchle und <\/strong><br><strong>Gespr\u00e4che kommen zu kurz<\/strong>!&#8220;<\/p>\n\n\n\n<figure class=\"wp-block-image\"><img loading=\"lazy\" decoding=\"async\" width=\"712\" height=\"1024\" src=\"https:\/\/domino-trauerndekinder.de\/wordpress\/wp-content\/uploads\/2019\/03\/Jugend2-Katinka-712x1024.jpg\" alt=\"\" class=\"wp-image-350\" srcset=\"https:\/\/domino-trauerndekinder.de\/wordpress\/wp-content\/uploads\/2019\/03\/Jugend2-Katinka-712x1024.jpg 712w, https:\/\/domino-trauerndekinder.de\/wordpress\/wp-content\/uploads\/2019\/03\/Jugend2-Katinka-209x300.jpg 209w, https:\/\/domino-trauerndekinder.de\/wordpress\/wp-content\/uploads\/2019\/03\/Jugend2-Katinka-768x1104.jpg 768w, https:\/\/domino-trauerndekinder.de\/wordpress\/wp-content\/uploads\/2019\/03\/Jugend2-Katinka.jpg 1486w\" sizes=\"auto, (max-width: 712px) 100vw, 712px\" \/><figcaption>&#8222;In meinem Bild geht es darum, dass man oft sehr beeinflusst und in   Sachen hineingezogen wird, die man nicht kontrollieren kann; so zum   Beispiel steht das Schwarz f\u00fcr die Trauer, welche sich langsam mit dem   Leben, dem Blau, vermischt. Das gelbrote Feuer steht f\u00fcr die Wut, die   meistens von der Trauer gesteuert wird, also von der schwarzen Hand. Das   Rosa steht f\u00fcr die eigentliche Lebensfreude und die Sterne f\u00fcr die   Hoffnung. Oben links die gro\u00dfe Hand und das Gr\u00fcn-rosa stehen f\u00fcr Freunde   und Familie, die versuchen einem zu helfen, aber auch nach einem   greifen und einen beeinflussen.&#8220;      &#8211;      Katinka<\/figcaption><\/figure>\n\n\n\n<blockquote class=\"wp-block-quote is-layout-flow wp-block-quote-is-layout-flow\"><p><strong><em>Charlotte<\/em><\/strong><br>Vor vier Jahren habe ich meine Mama verloren. <br><br>Domino hat mir dabei geholfen, das und auch noch vieles mehr zu verarbeiten. Mit Domino habe ich nicht nur einen Raum f\u00fcr meine Trauer gefunden, sondern auch einen f\u00fcr Freude, Spa\u00df und Liebe. Ich habe besondere Menschen kennengelernt, die dasselbe durchgemacht haben wie ich, mit denen ich \u00fcber alles sprechen kann und die ich nicht missen m\u00f6chte. Wenn ich an Domino denke, dann denke ich an einen herzlichen und gem\u00fctlichen Ort, an dem ich meine \u00c4ngste, Sorgen und Freuden teilen kann. Mit Menschen, die mich weder verurteilen, noch sagen, was ich zu tun oder zu lassen habe. Es gab keinen einzigen Tag, an dem ich aus der Villa Trauerbunt traurig, unsicher oder schlecht gelaunt nachhause gegangen bin. Jedes Mal gehe ich positiv gest\u00e4rkt und mit sch\u00f6nen Gedanken nachhause und das liegt definitiv zu einem riesigen Teil an den tollen Betreuerinnen! Dadurch, dass mir durch den Verlust meiner Mama eine gro\u00dfe Rolle in meinem Leben fehlt, die mir in schlechten Zeiten zur Seite steht oder mir einfach ein paar Ratschl\u00e4ge gibt, ist es f\u00fcr mich besonders sch\u00f6n, so tolle Menschen dazuhaben, die mir anstelle meiner Mama zur Seite stehen und mich ein St\u00fcck weit auf meinem Weg begleiten k\u00f6nnen. <\/p><\/blockquote>\n\n\n\n<h3 class=\"wp-block-heading\"><strong>Christine: <\/strong><\/h3>\n\n\n\n<p> <strong><em>Ein Freund sagte zu mir: <\/em><\/strong> <br><strong><em>\u201eDaf\u00fcr, dass dein Vater gestorben ist, bist du aber gut gelaunt!\u201c<\/em><\/strong><\/p>\n\n\n\n<blockquote class=\"wp-block-quote is-layout-flow wp-block-quote-is-layout-flow\"><p><strong><em>Luisa:<\/em><\/strong><br>Ich bin seit l\u00e4ngerer Zeit schon bei Domino und diese Gruppe hat mir in dieser Zeit immer sehr viel Kraft gegeben. Mit Gleichaltrigen \u00fcber die Vergangenheit\/den Verstorbenen zu reden hat mir pers\u00f6nlich sehr gut geholfen. Man lernt, offen \u00fcber alles zu reden und hat immer offene Ohren, die einem zuh\u00f6ren und sich auch besser in die Situation hineinversetzen k\u00f6nnen als andere, weil sie \u00e4hnliches erlebt haben. Au\u00dferdem hat man auch sehr viel Spa\u00df mit der Gruppe und man lacht viel zusammen.<\/p><\/blockquote>\n","protected":false},"excerpt":{"rendered":"<p>Eine Gruppe speziell f\u00fcr Jugendliche Die Zeit von 13-18 Jahren ist eine Entwicklungsstufe, die mit heftigen Gef\u00fchlsschwankungen einhergeht. &#8222;Himmelhoch jauchzend \u2013 zu Tode betr\u00fcbt&#8220; &#8211; zwei Begriffe, die diese Lebensphase &#8230;<\/p>\n","protected":false},"author":1,"featured_media":0,"parent":0,"menu_order":0,"comment_status":"closed","ping_status":"closed","template":"","meta":{"footnotes":""},"class_list":["post-51","page","type-page","status-publish","hentry"],"_links":{"self":[{"href":"https:\/\/domino-trauerndekinder.de\/index.php?rest_route=\/wp\/v2\/pages\/51","targetHints":{"allow":["GET"]}}],"collection":[{"href":"https:\/\/domino-trauerndekinder.de\/index.php?rest_route=\/wp\/v2\/pages"}],"about":[{"href":"https:\/\/domino-trauerndekinder.de\/index.php?rest_route=\/wp\/v2\/types\/page"}],"author":[{"embeddable":true,"href":"https:\/\/domino-trauerndekinder.de\/index.php?rest_route=\/wp\/v2\/users\/1"}],"replies":[{"embeddable":true,"href":"https:\/\/domino-trauerndekinder.de\/index.php?rest_route=%2Fwp%2Fv2%2Fcomments&post=51"}],"version-history":[{"count":15,"href":"https:\/\/domino-trauerndekinder.de\/index.php?rest_route=\/wp\/v2\/pages\/51\/revisions"}],"predecessor-version":[{"id":639,"href":"https:\/\/domino-trauerndekinder.de\/index.php?rest_route=\/wp\/v2\/pages\/51\/revisions\/639"}],"wp:attachment":[{"href":"https:\/\/domino-trauerndekinder.de\/index.php?rest_route=%2Fwp%2Fv2%2Fmedia&parent=51"}],"curies":[{"name":"wp","href":"https:\/\/api.w.org\/{rel}","templated":true}]}}