{"id":48,"date":"2018-12-12T18:45:45","date_gmt":"2018-12-12T18:45:45","guid":{"rendered":"https:\/\/domino-trauerndekinder.de\/wordpress\/?page_id=48"},"modified":"2025-01-19T17:28:53","modified_gmt":"2025-01-19T17:28:53","slug":"links-downloads","status":"publish","type":"page","link":"https:\/\/domino-trauerndekinder.de\/?page_id=48","title":{"rendered":"Downloads"},"content":{"rendered":"\n<p><strong>Wollen Sie mehr wissen?<\/strong><\/p>\n\n\n\n<p>Hier finden Sie Artikel \u00fcber&nbsp;<strong>DOMINO<\/strong> zum Download.<\/p>\n\n\n\n<div class=\"wp-block-media-text alignwide is-stacked-on-mobile has-white-background-color has-background\" style=\"grid-template-columns:64% auto\"><figure class=\"wp-block-media-text__media\"><img loading=\"lazy\" decoding=\"async\" width=\"640\" height=\"326\" src=\"https:\/\/domino-trauerndekinder.de\/wordpress\/wp-content\/uploads\/2019\/01\/MehrUeberDomino.png\" alt=\"\" class=\"wp-image-169 size-full\" srcset=\"https:\/\/domino-trauerndekinder.de\/wordpress\/wp-content\/uploads\/2019\/01\/MehrUeberDomino.png 640w, https:\/\/domino-trauerndekinder.de\/wordpress\/wp-content\/uploads\/2019\/01\/MehrUeberDomino-300x153.png 300w\" sizes=\"auto, (max-width: 640px) 100vw, 640px\" \/><\/figure><div class=\"wp-block-media-text__content\">\n<h2 class=\"wp-block-heading\"><a href=\"https:\/\/domino-trauerndekinder.de\/wordpress\/wp-content\/uploads\/2019\/04\/Mehr-\u00fcber-DOMINO.pdf\">Mehr \u00fcber Domino<\/a><\/h2>\n\n\n\n<p class=\"has-small-font-size\">in diesem PDF-Dokument erfahren Sie mehr \u00fcber unsere Arbeit.<\/p>\n<\/div><\/div>\n\n\n\n<div class=\"wp-block-media-text alignwide is-stacked-on-mobile\" style=\"grid-template-columns:64% auto\"><figure class=\"wp-block-media-text__media\"><img loading=\"lazy\" decoding=\"async\" width=\"1024\" height=\"688\" src=\"https:\/\/domino-trauerndekinder.de\/wordpress\/wp-content\/uploads\/2025\/01\/Domino-Flyer-2024.jpg\" alt=\"\" class=\"wp-image-930 size-full\" srcset=\"https:\/\/domino-trauerndekinder.de\/wordpress\/wp-content\/uploads\/2025\/01\/Domino-Flyer-2024.jpg 1024w, https:\/\/domino-trauerndekinder.de\/wordpress\/wp-content\/uploads\/2025\/01\/Domino-Flyer-2024-300x202.jpg 300w, https:\/\/domino-trauerndekinder.de\/wordpress\/wp-content\/uploads\/2025\/01\/Domino-Flyer-2024-768x516.jpg 768w\" sizes=\"auto, (max-width: 1024px) 100vw, 1024px\" \/><\/figure><div class=\"wp-block-media-text__content\">\n<p class=\"has-small-font-size\">Unser aktueller&nbsp;<strong>Flyer,<\/strong>&nbsp;als PDF zum Download!<\/p>\n\n\n\n<h2 class=\"wp-block-heading\"><a href=\"https:\/\/domino-trauerndekinder.de\/wordpress\/wp-content\/uploads\/2025\/01\/Domino_flyer_240927_ANSICHT-komprimiert_2.pdf\" data-type=\"URL\" data-id=\"https:\/\/domino-trauerndekinder.de\/wordpress\/wp-content\/uploads\/2022\/10\/DOMINO-Flyer-2022.pdf\">Flyer<\/a><\/h2>\n<\/div><\/div>\n\n\n\n<div class=\"wp-block-media-text alignwide is-stacked-on-mobile\" style=\"grid-template-columns:30% auto\"><figure class=\"wp-block-media-text__media\"><img loading=\"lazy\" decoding=\"async\" width=\"158\" height=\"39\" src=\"https:\/\/domino-trauerndekinder.de\/wordpress\/wp-content\/uploads\/2019\/01\/Get_Adobe_Acrobat_Reader_DC_web_button_158x39.fw_.png\" alt=\"\" class=\"wp-image-181 size-full\"\/><\/figure><div class=\"wp-block-media-text__content\">\n<p class=\"has-small-font-size\">Zur Darstellung von PDF-Dokumenten ben\u00f6tigen Sie den <a href=\"https:\/\/get.adobe.com\/de\/reader\/\" target=\"_blank\" rel=\"noreferrer noopener\" aria-label=\"Adobe\u00ae Acrobat-Reader\u00ae (\u00f6ffnet in neuem Tab)\">Adobe\u00ae Acrobat-Reader\u00ae<\/a>, den Sie hier kostenlos herunterladen k\u00f6nnen.<\/p>\n<\/div><\/div>\n\n\n\n<hr class=\"wp-block-separator has-css-opacity\"\/>\n\n\n\n<div class=\"wp-block-media-text alignwide is-stacked-on-mobile\" style=\"grid-template-columns:61% auto\"><figure class=\"wp-block-media-text__media\"><img loading=\"lazy\" decoding=\"async\" width=\"1024\" height=\"398\" src=\"https:\/\/domino-trauerndekinder.de\/wordpress\/wp-content\/uploads\/2019\/01\/Pressespiegel-1024x398.png\" alt=\"\" class=\"wp-image-188 size-full\" srcset=\"https:\/\/domino-trauerndekinder.de\/wordpress\/wp-content\/uploads\/2019\/01\/Pressespiegel-1024x398.png 1024w, https:\/\/domino-trauerndekinder.de\/wordpress\/wp-content\/uploads\/2019\/01\/Pressespiegel-300x117.png 300w, https:\/\/domino-trauerndekinder.de\/wordpress\/wp-content\/uploads\/2019\/01\/Pressespiegel-768x299.png 768w, https:\/\/domino-trauerndekinder.de\/wordpress\/wp-content\/uploads\/2019\/01\/Pressespiegel-1200x467.png 1200w, https:\/\/domino-trauerndekinder.de\/wordpress\/wp-content\/uploads\/2019\/01\/Pressespiegel.png 1340w\" sizes=\"auto, (max-width: 1024px) 100vw, 1024px\" \/><\/figure><div class=\"wp-block-media-text__content\">\n<p class=\"has-very-dark-gray-color has-text-color\" style=\"font-size:24px\"><a href=\"https:\/\/domino-trauerndekinder.de\/wordpress\/wp-content\/uploads\/2019\/04\/Pressespiegel.pdf\"><strong>DOMINO in der Presse<\/strong><\/a><\/p>\n<\/div><\/div>\n\n\n\n<p><\/p>\n","protected":false},"excerpt":{"rendered":"<p>Wollen Sie mehr wissen? Hier finden Sie Artikel \u00fcber&nbsp;DOMINO zum Download. Mehr \u00fcber Domino in diesem PDF-Dokument erfahren Sie mehr \u00fcber unsere Arbeit. Unser aktueller&nbsp;Flyer,&nbsp;als PDF zum Download! Flyer Zur &#8230;<\/p>\n","protected":false},"author":1,"featured_media":0,"parent":0,"menu_order":8,"comment_status":"closed","ping_status":"closed","template":"","meta":{"footnotes":""},"class_list":["post-48","page","type-page","status-publish","hentry"],"_links":{"self":[{"href":"https:\/\/domino-trauerndekinder.de\/index.php?rest_route=\/wp\/v2\/pages\/48","targetHints":{"allow":["GET"]}}],"collection":[{"href":"https:\/\/domino-trauerndekinder.de\/index.php?rest_route=\/wp\/v2\/pages"}],"about":[{"href":"https:\/\/domino-trauerndekinder.de\/index.php?rest_route=\/wp\/v2\/types\/page"}],"author":[{"embeddable":true,"href":"https:\/\/domino-trauerndekinder.de\/index.php?rest_route=\/wp\/v2\/users\/1"}],"replies":[{"embeddable":true,"href":"https:\/\/domino-trauerndekinder.de\/index.php?rest_route=%2Fwp%2Fv2%2Fcomments&post=48"}],"version-history":[{"count":30,"href":"https:\/\/domino-trauerndekinder.de\/index.php?rest_route=\/wp\/v2\/pages\/48\/revisions"}],"predecessor-version":[{"id":931,"href":"https:\/\/domino-trauerndekinder.de\/index.php?rest_route=\/wp\/v2\/pages\/48\/revisions\/931"}],"wp:attachment":[{"href":"https:\/\/domino-trauerndekinder.de\/index.php?rest_route=%2Fwp%2Fv2%2Fmedia&parent=48"}],"curies":[{"name":"wp","href":"https:\/\/api.w.org\/{rel}","templated":true}]}}