{"id":334,"date":"2019-03-19T12:00:19","date_gmt":"2019-03-19T12:00:19","guid":{"rendered":"https:\/\/domino-trauerndekinder.de\/wordpress\/?page_id=334"},"modified":"2024-02-08T09:17:46","modified_gmt":"2024-02-08T09:17:46","slug":"links","status":"publish","type":"page","link":"https:\/\/domino-trauerndekinder.de\/?page_id=334","title":{"rendered":"Links"},"content":{"rendered":"\n<p><strong>Gruppen f\u00fcr trauernde Kinder und Jugendliche<\/strong><\/p>\n\n\n\n<p><a href=\"http:\/\/www.elve-wk.de\/\">www.elve-wk.de<\/a><br>Der neue Verein \u201eElVe-wk\u201c will Familien mit minderj\u00e4hrigen Kindern in Wermelskirchen praktische Hilfe anbieten \u2013 von Fahrdiensten bis zu Beh\u00f6rdeng\u00e4nge<strong>n.<\/strong><\/p>\n\n\n\n<p><a rel=\"noreferrer noopener\" href=\"http:\/\/www.da-sein.de\/\" target=\"_blank\">www.da-sein.de<\/a><br>Im Internet k\u00f6nnen sich junge Menschen hier ganz anonym in ihrer Trauer begleiten lassen. Und das nicht von irgend jemandem, sondern von Gleichaltrigen. Einmal pro Woche wird ein Peer-Chat angeboten.<\/p>\n\n\n\n<p><a rel=\"noreferrer noopener\" href=\"http:\/\/www.dougy.org\/\" target=\"_blank\">www.dougy.org<\/a><br>Startete vor \u00fcber 20 Jahren die ersten Trauergruppen f\u00fcr Kinder in den USA.<\/p>\n\n\n\n<p><a rel=\"noreferrer noopener\" href=\"http:\/\/www.bjoern-schulz-stiftung.de\/\" target=\"_blank\">www.bjoern-schulz-stiftung.de<\/a><br>Gruppen f\u00fcr trauernde Kinder im Kinderhospiz der Bjoern Schulz Stiftung in Berlin.<\/p>\n\n\n\n<p><a rel=\"noreferrer noopener\" href=\"http:\/\/www.lacrima-muenchen.de\/\" target=\"_blank\">www.lacrima-muenchen.de<\/a><br>Lacrima \u2013 Zentrum f\u00fcr trauernde Kinder und Jugendliche M\u00fcnchen.<\/p>\n\n\n\n<p><a href=\"file:\/\/\/C:\/Users\/J\u00fcrgen\/Desktop\/www.youngwings.de\">www.youngwings.de<\/a><br>Die Onlineberatungsstelle <a href=\"https:\/\/www.youngwings.de\/\">YoungWings<\/a> richtet sich an Kinder und Jugendliche im Alter zwischen 12 und 21 aus dem ganzen Bundesgebiet, die um einen Elternteil, beide Elternteile oder um eine wichtige Bezugspersonen trauern. YoungWings bietet die M\u00f6glichkeit sich in einem Forum und einem w\u00f6chentlichen Chat mit anderen Betroffenen auszutauschen oder in einer Einzelberatung mit einem Berater zu schreiben.<\/p>\n\n\n\n<p><a rel=\"noreferrer noopener\" href=\"http:\/\/www.juh-swf.de\/\" target=\"_blank\">www.juh-swf.de<\/a><br>Die Muschel: Gruppe f\u00fcr trauernde Kinder der Johanniter in L\u00fcdenscheid.<\/p>\n\n\n\n<p><a rel=\"noreferrer noopener\" href=\"http:\/\/www.kinderhospiz-cuxhaven.de\/\" target=\"_blank\">www.kinderhospiz-Cuxhaven.de<\/a><br>Gruppen f\u00fcr trauernde Kinder des Kinderhospizvereins Cuxhaven.<\/p>\n\n\n\n<p><a rel=\"noreferrer noopener\" href=\"http:\/\/www.diakonie-ruhr-hellweg.de\/default.aspx\/G\/111327\/L\/1031\/R\/-1\/T\/120904\/A\/2\/ID\/120914\" target=\"_blank\">Sommerland<\/a><br>Sommerland ist ein Gruppenangebot f\u00fcr trauernde Kinder und Jugendliche der Evangelischen Diakonie Ruhr-Hellweg.<\/p>\n\n\n\n<p><a rel=\"noreferrer noopener\" href=\"http:\/\/www.trauerland.org\/\" target=\"_blank\" data-type=\"URL\" data-id=\"http:\/\/www.trauerland.org\/\">www.trauerla<\/a><a href=\"http:\/\/www.trauerland.org\/\" data-type=\"URL\" data-id=\"http:\/\/www.trauerland.org\/\" target=\"_blank\" rel=\"noreferrer noopener\">n<\/a><a rel=\"noreferrer noopener\" href=\"http:\/\/www.trauerland.org\/\" target=\"_blank\" data-type=\"URL\" data-id=\"http:\/\/www.trauerland.org\/\">d.org<\/a><a rel=\"noreferrer noopener\" href=\"http:\/\/www.trauerland.org\/\" target=\"_blank\"><\/a><br>Trauerland &#8211; Zentrum f\u00fcr trauernde Kinder und Jugendliche e.V. in Bremen.<\/p>\n\n\n\n<p><a rel=\"noreferrer noopener\" href=\"http:\/\/www.traube-koeln.de\/\" target=\"_blank\">www.traube-koeln.de<\/a><br>Trauerbegleitung f\u00fcr Kinder, Jugendliche und junge Erwachsene in K\u00f6ln.<\/p>\n\n\n\n<p><a rel=\"noreferrer noopener\" href=\"http:\/\/www.trauer-hattingen.de\/\" target=\"_blank\">www.trauer-hattingen.de<\/a><br>Trauergruppen f\u00fcr Kinder im Ennepe-Ruhr-Kreis und Umgebung.<\/p>\n\n\n\n<p><a rel=\"noreferrer noopener\" href=\"http:\/\/www.verwutra.de\/\" target=\"_blank\">www.verwutra.de<\/a><br>Homepage des Zentrum f\u00fcr trauernde und traumatisierte Kinder und Jugendliche e. V.<\/p>\n\n\n\n<hr class=\"wp-block-separator has-css-opacity\"\/>\n\n\n\n<p><strong>Angebote f\u00fcr trauernde Familien, Kinder und Jugendliche<\/strong><\/p>\n\n\n\n<p><a rel=\"noreferrer noopener\" href=\"http:\/\/www.allesistanders.de\/\" target=\"_blank\">www.allesistanders.de<\/a><br>Homepage mit Informationen, verschiedenen Foren und&nbsp;<br>einem Live-Chat f\u00fcr trauernde Jugendliche (Freiburg).<\/p>\n\n\n\n<p><a rel=\"noreferrer noopener\" href=\"http:\/\/www.an-deiner-seite.info\/\" target=\"_blank\">www.an-deiner-seite.info<\/a><br>Infoseite f\u00fcr Elternteile, die auf der Suche nach Familien, Kinder- und Jugend-Trauerbegleitern sind.<\/p>\n\n\n\n<p><a rel=\"noreferrer noopener\" href=\"http:\/\/www.gute-trauer.de\/\" target=\"_blank\">www.gute-trauer.de<\/a><br>Mit diesem Portal bekommen Trauernde schnell und zuverl\u00e4ssig Hilfe, es werden Informationen aufgearbeitet und Begriffe erkl\u00e4rt, Literatur vorgestellt und auf bestehende Foren und Hilfsangebote verwiesen.<\/p>\n\n\n\n<p><a rel=\"noreferrer noopener\" href=\"http:\/\/www.leben-ohne-dich.de\/\" target=\"_blank\">www.leben-ohne-dich.de<\/a><br>Eine Seite f\u00fcr Eltern und Kinder, die um ein verstorbenes Kind oder Geschwister trauern.<br><a rel=\"noreferrer noopener\" href=\"http:\/\/www.u25-freiburg.de\/\" target=\"_blank\"><br>www.u25-freiburg.de<\/a><br>Homepage des Arbeitskreis Leben in Freiburg. Hier gibt es Foren f\u00fcr trauernde Jugendliche und Erwachsene, die jemanden durch einen Suizid verloren haben.<br><a rel=\"noreferrer noopener\" href=\"http:\/\/www.onko-kids.de\/\" target=\"_blank\"><br>www.onko-kids.de<\/a><br>Eine Seite der Universit\u00e4tsklinik T\u00fcbingen mit&nbsp;<br>einem Chatroom f\u00fcr von Krebs betroffene Kinder und Jugendliche.<br><a rel=\"noreferrer noopener\" href=\"http:\/\/www.verwaiste-eltern-koeln.jimdo.com\/\" target=\"_blank\"><br>www.verwaiste-eltern-koeln.jimdo.com<\/a><br>Die Homepage des Vereines \u201eVerwaiste Eltern e. V. in K\u00f6ln\u201c.<br><a rel=\"noreferrer noopener\" href=\"http:\/\/www.nicolaidis-stiftung.de\/\" target=\"_blank\"><br>www.nicolaidis-stiftung.de<\/a><br>Die Nicolaidis-Stiftung k\u00fcmmert sich bundesweit um jung verwitwete M\u00fctter und V\u00e4ter und deren Kinder.<br><a rel=\"noreferrer noopener\" href=\"http:\/\/www.tabea-ev.de\/\" target=\"_blank\"><br>www.TABEA-eV.de<\/a><br>Begleitung trauernder Kinder, ihrer Angeh\u00f6rigen und der sie beruflich Begleitenden.<br><a rel=\"noreferrer noopener\" href=\"http:\/\/www.trauerakademie.de\/\" target=\"_blank\"><br>www.trauerakademie.de<\/a><br>Diese Website enth\u00e4lt eine \u00dcbersicht \u00fcber Idee und Anliegen, Programm und Angebote der Privaten Trauer Akademie Fritz Roth und des Bestattungshauses P\u00fctz-Roth in Bergisch Gladbach und K\u00f6ln.<br><a rel=\"noreferrer noopener\" href=\"http:\/\/www.trauernde-kinder-in-deutschland.de\/\" target=\"_blank\"><br>www.trauernde-kinder-in-deutschland.de<\/a><br>Internet-Plattform mit vielen Adressen von Einrichtungen, die sich mit Kindertrauerarbeit befassen.<br><a rel=\"noreferrer noopener\" href=\"http:\/\/www.doch-etwas-bleibt.de\/\" target=\"_blank\"><br>www.doch-etwas-bleibt.de<\/a><br>Trauerchatroom f\u00fcr Jugendliche und junge Erwachsene&nbsp;<br>des Hospiz Bedburg-Bergheim e.V.<br><a rel=\"noreferrer noopener\" href=\"http:\/\/www.trauernetz.de\/\" target=\"_blank\"><br>www.trauernetz.de<\/a><br>Homepage f\u00fcr trauernde Menschen mit vielen Anregungen.<br><a rel=\"noreferrer noopener\" href=\"http:\/\/www.trauernetzwerk.info\/\" target=\"_blank\"><br>www.trauernetzwerk.info<\/a><br>Zusammenschluss in der Trauerarbeit im Raum K\u00f6ln.<\/p>\n\n\n\n<p><a rel=\"noreferrer noopener\" href=\"http:\/\/www.verwitwet.de\/\" target=\"_blank\">www.verwitwet.de<\/a><br>Eine Homepage f\u00fcr verwitwete M\u00e4nner und Frauen und deren Kinder.<\/p>\n\n\n\n<p><a rel=\"noreferrer noopener\" href=\"http:\/\/www.hilfe-fuer-kinder-krebskranker.de\/\" target=\"_blank\">www.hilfe-fuer-kinder-krebskranker.de<\/a><br>Eine Homepage f\u00fcr Kinder krebskranker Eltern.<\/p>\n\n\n\n<p><a rel=\"noreferrer noopener\" href=\"http:\/\/www.verwaiste-eltern.de\/\" target=\"_blank\">www.verwaiste-eltern.de<\/a><br>Angebote f\u00fcr Eltern, deren Kind verstorben ist.<\/p>\n\n\n\n<p><a rel=\"noreferrer noopener\" href=\"http:\/\/sternenengel.pytalhost.de\/\" target=\"_blank\">sternenengel.pytalhost.de<\/a><br>Eine Homepage f\u00fcr Eltern, die sehr fr\u00fch ihr Baby verloren haben.<\/p>\n\n\n\n<p><a rel=\"noreferrer noopener\" href=\"http:\/\/www.geocities.com\/prettyswiss\/Toechter_ohne_Muetter.html\" target=\"_blank\">www.geocities.com\/prettyswiss\/Toechter_ohne_Muetter.html<\/a><br>Eine Seite f\u00fcr T\u00f6chter, die ihre Mutter verloren haben.<\/p>\n\n\n\n<p><a rel=\"noreferrer noopener\" href=\"http:\/\/www.heike-brueggemann.de\/\" target=\"_blank\">www.heike-brueggemann.de<\/a><br>Trauerbegleitung nach dem Verlust eines Kindes in der Schwangerschaft oder w\u00e4hrend der Geburt im Raum K\u00f6ln.<\/p>\n\n\n\n<p><a rel=\"noreferrer noopener\" href=\"http:\/\/www.trauerhaus.de\/\" target=\"_blank\">www.trauerhaus.de<\/a><br>Innovatives Bestattungshaus in K\u00f6ln mit vielf\u00e4ltigem Angebot zur Trauerbegleitung.<\/p>\n\n\n\n<p><a rel=\"noreferrer noopener\" href=\"http:\/\/www.veid.de\/\" target=\"_blank\">www.veid.de<\/a><br>Die bundesweite Vernetzung von Selbsthilfegruppen f\u00fcr Verwaiste Eltern und Geschwister.<\/p>\n\n\n\n<p><a rel=\"noreferrer noopener\" href=\"http:\/\/www.chrispaul.de\/\" target=\"_blank\">www.chrispaul.de<\/a><br>Informationen und regelm\u00e4\u00dfig Gruppen, Seminare und Vortr\u00e4ge f\u00fcr Trauernden nach einem Suizid.<\/p>\n\n\n\n<p><a rel=\"noreferrer noopener\" href=\"http:\/\/www.hospize.de\/\" target=\"_blank\">www.hospize.de<\/a><br>Seite der \u201eDeutschen Hospiz-Stiftung\u201c. Unter den verschiedenen Rubriken finden Sie wichtige Informationen \u00fcber Auftrag und Arbeit der Deutschen Hospiz Stiftung.<\/p>\n\n\n\n<p><a rel=\"noreferrer noopener\" href=\"http:\/\/www.lalelu-homepage.de\/\" target=\"_blank\">www.lalelu-homepage.de<\/a><br>\u00dcber die Seite von LaLeLu treffen sich Familien von fr\u00fchgeborenen, kranken, besonderen und verstorbenen Kindern.<\/p>\n\n\n\n<p><a rel=\"noreferrer noopener\" href=\"http:\/\/www.muschel.net\/\" target=\"_blank\">www.muschel.net<\/a><br>F\u00fcr Eltern, die ihr Baby durch Fehlgeburt, Totgeburt, Fr\u00fchgeburt, Schwangerschaftsabbruch oder im ersten Lebensjahr verloren haben.<\/p>\n\n\n\n<p><a rel=\"noreferrer noopener\" href=\"http:\/\/www.selbsthilfenetz.de\/\" target=\"_blank\">www.selbsthilfenetz.de<\/a><br>Das aktuelle und umfangreiche Internetportal zum Thema Selbsthilfe in NRW.<\/p>\n\n\n\n<p><a rel=\"noreferrer noopener\" href=\"http:\/\/www.tabu-team.de\/\" target=\"_blank\">www.tabu-team.de<\/a><br>Trauer- und Lebensberatungsstelle f\u00fcr Menschen in Krisen- und Abschiedssituationen in Essen.<\/p>\n\n\n\n<p><a rel=\"noreferrer noopener\" href=\"http:\/\/www.fipskoeln.de\/\" target=\"_blank\">www.fipskoeln.de<\/a><br>Hilfen f\u00fcr Kinder und Familien K\u00f6ln.<\/p>\n\n\n\n<p><a rel=\"noreferrer noopener\" href=\"http:\/\/www.deutscher-kinderhospizverein.de\/\" target=\"_blank\">www.deutscher-kinderhospizverein.de<\/a><br>Seite des ersten deutschen Hospizvereines.<\/p>\n\n\n\n<p><a rel=\"noreferrer noopener\" href=\"http:\/\/www.schmetterling-neuss.de\/\" target=\"_blank\">www.Schmetterling-Neuss.de<\/a><br>Initiative aus Neuss, bietet unter Anderem gute Seminare zu Trauerbegleitung bei Kindern.<\/p>\n\n\n\n<p><a rel=\"noreferrer noopener\" href=\"http:\/\/www.trauerinstitut.de\/\" target=\"_blank\">www.trauerinstitut.de<\/a><br>Informationen rund um das Thema Trauer und Trauerbegleitung. Ziele des TID sind Vernetzung und Qualit\u00e4tssicherung im Bereich der Trauerbegleitung.<\/p>\n\n\n\n<p><a rel=\"noreferrer noopener\" href=\"http:\/\/www.psychiatrie.de\/\" target=\"_blank\">www.psychiatrie.de<\/a><br>Selbsthilfeorientierte, sehr umfassende Informationen zu Psychiatrie, Krankheitsbildern, Hilfsm\u00f6glichkeiten, Literatur und Links.<\/p>\n\n\n\n<p><a rel=\"noreferrer noopener\" href=\"http:\/\/www.krebs-kompass.de\/\" target=\"_blank\">www.krebs-kompass.de<\/a><br>Der Krebs-Kompass soll durch das Informationsangebot im Internet begleiten und dabei helfen, auf dem k\u00fcrzesten Weg seri\u00f6se und aktuelle Informationen zu finden.<\/p>\n\n\n\n<p><a rel=\"noreferrer noopener\" href=\"http:\/\/www.kidnet.de\/\" target=\"_blank\">www.kidnet.de<\/a><br>Kidnet.de ist eine Seite mit Angeboten und Informationen rund um Familie, Eltern und Kind.<\/p>\n\n\n\n<p><a rel=\"noreferrer noopener\" href=\"http:\/\/www.dgsm.de\/\" target=\"_blank\">www.dgsm.de<\/a><br>Deutsche Gesellschaft f\u00fcr Schlafforschung und Schlafmedizin (Liste von Schlafambulanzen bei Schlafproblemen).<br><\/p>\n","protected":false},"excerpt":{"rendered":"<p>Gruppen f\u00fcr trauernde Kinder und Jugendliche www.elve-wk.deDer neue Verein \u201eElVe-wk\u201c will Familien mit minderj\u00e4hrigen Kindern in Wermelskirchen praktische Hilfe anbieten \u2013 von Fahrdiensten bis zu Beh\u00f6rdeng\u00e4ngen. www.da-sein.deIm Internet k\u00f6nnen sich &#8230;<\/p>\n","protected":false},"author":1,"featured_media":0,"parent":0,"menu_order":0,"comment_status":"closed","ping_status":"closed","template":"","meta":{"footnotes":""},"class_list":["post-334","page","type-page","status-publish","hentry"],"_links":{"self":[{"href":"https:\/\/domino-trauerndekinder.de\/index.php?rest_route=\/wp\/v2\/pages\/334","targetHints":{"allow":["GET"]}}],"collection":[{"href":"https:\/\/domino-trauerndekinder.de\/index.php?rest_route=\/wp\/v2\/pages"}],"about":[{"href":"https:\/\/domino-trauerndekinder.de\/index.php?rest_route=\/wp\/v2\/types\/page"}],"author":[{"embeddable":true,"href":"https:\/\/domino-trauerndekinder.de\/index.php?rest_route=\/wp\/v2\/users\/1"}],"replies":[{"embeddable":true,"href":"https:\/\/domino-trauerndekinder.de\/index.php?rest_route=%2Fwp%2Fv2%2Fcomments&post=334"}],"version-history":[{"count":5,"href":"https:\/\/domino-trauerndekinder.de\/index.php?rest_route=\/wp\/v2\/pages\/334\/revisions"}],"predecessor-version":[{"id":810,"href":"https:\/\/domino-trauerndekinder.de\/index.php?rest_route=\/wp\/v2\/pages\/334\/revisions\/810"}],"wp:attachment":[{"href":"https:\/\/domino-trauerndekinder.de\/index.php?rest_route=%2Fwp%2Fv2%2Fmedia&parent=334"}],"curies":[{"name":"wp","href":"https:\/\/api.w.org\/{rel}","templated":true}]}}