{"id":28,"date":"2018-12-12T18:23:58","date_gmt":"2018-12-12T18:23:58","guid":{"rendered":"https:\/\/domino-trauerndekinder.de\/wordpress\/?page_id=28"},"modified":"2025-01-24T14:42:00","modified_gmt":"2025-01-24T14:42:00","slug":"angebote","status":"publish","type":"page","link":"https:\/\/domino-trauerndekinder.de\/?page_id=28","title":{"rendered":"Was DOMINO bietet"},"content":{"rendered":"\n<p><strong>Angebote<\/strong><\/p>\n\n\n\n<div class=\"wp-block-media-text alignwide is-stacked-on-mobile\"><figure class=\"wp-block-media-text__media\"><img loading=\"lazy\" decoding=\"async\" width=\"1024\" height=\"768\" src=\"https:\/\/domino-trauerndekinder.de\/wordpress\/wp-content\/uploads\/2018\/12\/Sargmalen-1-1024x768.jpg\" alt=\"Sargmalen\" class=\"wp-image-69 size-full\" srcset=\"https:\/\/domino-trauerndekinder.de\/wordpress\/wp-content\/uploads\/2018\/12\/Sargmalen-1-1024x768.jpg 1024w, https:\/\/domino-trauerndekinder.de\/wordpress\/wp-content\/uploads\/2018\/12\/Sargmalen-1-300x225.jpg 300w, https:\/\/domino-trauerndekinder.de\/wordpress\/wp-content\/uploads\/2018\/12\/Sargmalen-1-768x576.jpg 768w, https:\/\/domino-trauerndekinder.de\/wordpress\/wp-content\/uploads\/2018\/12\/Sargmalen-1.jpg 1984w\" sizes=\"auto, (max-width: 1024px) 100vw, 1024px\" \/><\/figure><div class=\"wp-block-media-text__content\">\n<p><strong>DOMINO<\/strong> bietet trauernden Kindern und Jugendlichen in Unterst\u00fctzungsgruppen gesch\u00fctzte R\u00e4ume, in denen sie ihren individuellen Trauerweg finden und ihre Trauergef\u00fchle kreativ durchleben k\u00f6nnen.<br><br>In aktuellen Trauerf\u00e4llen beraten wir gerne im Umgang mit Tod und Trauer bei Kindern und Jugendlichen.<br><br><br>Hier finden Sie Ihren <strong><a href=\"https:\/\/domino-trauerndekinder.de\/?pcid=6&amp;pdid=6\">Kontakt zu DOMINO<\/a><\/strong><\/p>\n<\/div><\/div>\n\n\n\n<p>Die Gruppentreffen finden (ausgenommen in den Schulferien) im 14-t\u00e4gigen  Rhythmus am sp\u00e4ten Nachmittag statt. Die Vergabe der Pl\u00e4tze erfolgt  zentral&nbsp;<strong><a href=\"http:\/\/www.domino-trauerndekinder.de\/index.php?pcid=6&amp;pdid=6\">(siehe Kontakt)<\/a> <\/strong>unter  Ber\u00fccksichtigung der Bed\u00fcrfnisse der trauernden Kinder und  Jugendlichen. In den offenen Gruppen entscheiden die Kinder selbst, wie  lange sie das Angebot wahrnehmen und wann sie sich verabschieden  m\u00f6chten. Davon h\u00e4ngt ab, wann neue Teilnehmer aufgenommen werden k\u00f6nnen. <\/p>\n\n\n\n<p><strong>Einbeziehung der Angeh\u00f6rigen<\/strong><\/p>\n\n\n\n<p>Angeh\u00f6rige oder Bezugspersonen begleiten die Kinder zu den Treffen und haben zeitlich parallel, in separaten R\u00e4umen, die M\u00f6glichkeit, an einer Angeh\u00f6rigengruppe teilzunehmen. Die Teilnahme an diesem Angebot steht allen Angeh\u00f6rigen offen. <br> Die Erwachsenen empfinden es oftmals als wohltuend, wenn sie in der gesch\u00fctzten Atmosph\u00e4re einer Angeh\u00f6rigengruppe auch ihre Gef\u00fchle, Erfahrungen und \u00c4ngste mit anderen Menschen in \u00e4hnlicher Situation teilen k\u00f6nnen, sich gegenseitig zuh\u00f6ren und so unterst\u00fctzen. Au\u00dferdem ist es in dieser Krisenzeit f\u00fcr die Kinder wichtig, ihre Eltern in der N\u00e4he zu wissen. Auch diese Gruppen werden von Mitarbeitern beraten und begleitet.<\/p>\n\n\n\n<p><strong>Kostenlose Teilnahme<\/strong><\/p>\n\n\n\n<p>Trauer ist ein Lebensereignis, das jeden trifft, der einen nahestehenden Menschen verliert, unabh\u00e4ngig von seinem sozialen Umfeld. Lebensumst\u00e4nde, Familieneinbindung und sozialer Status beeinflussen aber die M\u00f6glichkeit, mit Trauergef\u00fchlen umzugehen. Um auch Kindern aus sozial schwachen Familien die Teilnahme an den Trauergruppen zu erm\u00f6glichen und keine Hemmschwelle entstehen zu lassen, sind alle Gruppenangebote grunds\u00e4tzlich kostenlos. Jedem Teilnehmer ist es freigestellt, den Verein freiwillig durch Spenden zu unterst\u00fctzen.<\/p>\n\n\n\n<p><strong>Wann sollten Sie Ihr Kind in einer Trauergruppe anmelden?<\/strong><\/p>\n\n\n\n<p>Jeder Mensch und damit auch jedes Kind trauert ganz individuell, in Intensit\u00e4t und Dauer verschieden. Sie sollten sich nicht sofort nach dem Trauerereignis um eine Trauergruppe bem\u00fchen, sondern erst wenn Sie glauben, dass Ihr Kind zus\u00e4tzliche Unterst\u00fctzung braucht, wenn Sie Auff\u00e4lligkeiten oder St\u00f6rungen in der Kommunikation mit Ihnen oder dem Freundeskreis feststellen.<\/p>\n\n\n\n<p>Sie k\u00f6nnen uns \u00fcber die angegebene Kontaktadresse anschreiben oder direkt anrufen. Nach Absprache besuchen Sie dann mit Ihrem Kind eine Gruppe zur Orientierung. Es ist wichtig, dass die Bezugspersonen des Kindes hinter der Teilnahme des Kindes an der Gruppe stehen und ihm eine regelm\u00e4\u00dfige Teilnahme erm\u00f6glichen. Jugendliche k\u00f6nnen sich selbstverst\u00e4ndlich pers\u00f6nlich bei uns melden.<\/p>\n\n\n\n<p>Mit der Teilnahme bitten wir Sie einen Anmeldebogen auszuf\u00fcllen, aus dem die Trauersituation hervorgeht. Alle pers\u00f6nlichen Daten werden streng vertraulich behandelt und dienen ausschlie\u00dflich der individuellen Betreuung innerhalb der Trauerbegleitung.<\/p>\n\n\n\n<p><strong>M\u00f6chten Sie sich, Ihr Kind anmelden?<\/strong><\/p>\n\n\n\n<p>Telefonisch erreichen Sie uns montags und mittwochs von 09:00 bis 11:00.<br>Telefon: <a href=\"tel:+4921744399\">02174 4399<\/a><br>Nutzen sie w\u00e4hrend anderer Zeiten gerne unseren Anrufbeantworter, oder<br>Email: <a href=\"mailto:info@domino-trauerndekinder.de\">info@domino-trauerndekinder.de<\/a><\/p>\n\n\n\n<hr class=\"wp-block-separator has-css-opacity is-style-default\"\/>\n\n\n\n<p><br><strong>Gruppenr\u00e4ume f\u00fcr Kinder und ihre Angeh\u00f6rigen betreibt DOMINO in der<\/strong><\/p>\n\n\n\n<p><strong><a rel=\"noreferrer noopener\" aria-label=\"Private Trauerakademie Fritz Roth\n (\u00f6ffnet in neuem Tab)\" href=\"http:\/\/www.puetz-roth.de\/\" target=\"_blank\">Privaten Trauerakademie Fritz Roth<\/a><\/strong><a rel=\"noreferrer noopener\" aria-label=\"Private Trauerakademie Fritz Roth\n (\u00f6ffnet in neuem Tab)\" href=\"http:\/\/www.puetz-roth.de\/\" target=\"_blank\"><br><\/a>51465 Bergisch Gladbach<br><em>Mittwoch\/Donnerstag<\/em><\/p>\n\n\n\n<p><strong>und dem<\/strong><br><br><strong><a rel=\"noreferrer noopener\" href=\"http:\/\/www.sankt-remigius.de\/kita-fbs.htmle\" target=\"_blank\">Familienzentrum Opladen, Kita St. Remigius<\/a><\/strong><br>51379 Leverkusen-Opladen<br><em>Donnerstag<\/em><\/p>\n\n\n\n<p><strong>Die Gruppen f\u00fcr Jugendliche betreibt DOMINO in der<\/strong><\/p>\n\n\n\n<p><strong><a rel=\"noreferrer noopener\" href=\"http:\/\/www.puetz-roth.de\/\" target=\"_blank\">Privaten Trauerakademie Fritz Roth<\/a><\/strong><br>51465 Bergisch Gladbach<br><em>Donnerstag\ufeff<\/em><\/p>\n\n\n\n<hr class=\"wp-block-separator has-css-opacity is-style-wide\"\/>\n\n\n\n<div style=\"height:100px\" aria-hidden=\"true\" class=\"wp-block-spacer\"><\/div>\n\n\n\n<h3 class=\"wp-block-heading\"> DOMINO hat ferner das Ziel, <\/h3>\n\n\n\n<p>\u00fcber das gesellschaftliche Tabuthema \u201eTod  und Trauer bei Kindern\u201c aufzukl\u00e4ren. Entsprechende Vortr\u00e4ge und Seminare  f\u00fcr Bezugspersonen, P\u00e4dagogen und andere interessierte\/betroffene  Personen werden nach gesonderter Vereinbarung angeboten. Termine zu  geplanten Veranstaltungen finden Sie unter&nbsp;<strong><a href=\"http:\/\/www.domino-trauerndekinder.de\/index.php?pcid=5&amp;pdid=9\">Aktuelles<\/a>.<\/strong><\/p>\n\n\n\n<figure class=\"wp-block-image\"><img loading=\"lazy\" decoding=\"async\" width=\"1024\" height=\"768\" src=\"https:\/\/domino-trauerndekinder.de\/wordpress\/wp-content\/uploads\/2019\/03\/IMG-20180903-WA0009-1024x768.jpg\" alt=\"\" class=\"wp-image-347\" srcset=\"https:\/\/domino-trauerndekinder.de\/wordpress\/wp-content\/uploads\/2019\/03\/IMG-20180903-WA0009-1024x768.jpg 1024w, https:\/\/domino-trauerndekinder.de\/wordpress\/wp-content\/uploads\/2019\/03\/IMG-20180903-WA0009-300x225.jpg 300w, https:\/\/domino-trauerndekinder.de\/wordpress\/wp-content\/uploads\/2019\/03\/IMG-20180903-WA0009-768x576.jpg 768w, https:\/\/domino-trauerndekinder.de\/wordpress\/wp-content\/uploads\/2019\/03\/IMG-20180903-WA0009.jpg 1600w\" sizes=\"auto, (max-width: 1024px) 100vw, 1024px\" \/><\/figure>\n\n\n\n<p>\nUm eine optimale Betreuung der Kinder und Jugendlichen in unseren Gruppen in&nbsp;<strong>Bergisch Gladbach<\/strong> und <strong>Leverkusen<\/strong> zu gew\u00e4hrleisten, ben\u00f6tigen wir die Hilfe vieler&nbsp;<strong>ehrenamtlicher Mitarbeiter.<\/strong> Diese werden von uns gr\u00fcndlich auf ihre T\u00e4tigkeit vorbereitet und z. B. durch Supervision kontinuierlich unterst\u00fctzt.\n\n<\/p>\n\n\n\n<div class=\"wp-block-media-text alignwide is-stacked-on-mobile\"><figure class=\"wp-block-media-text__media\"><img loading=\"lazy\" decoding=\"async\" width=\"768\" height=\"1024\" src=\"https:\/\/domino-trauerndekinder.de\/wordpress\/wp-content\/uploads\/2019\/03\/DSC00859_zsch-768x1024.jpg\" alt=\"\" class=\"wp-image-341 size-full\" srcset=\"https:\/\/domino-trauerndekinder.de\/wordpress\/wp-content\/uploads\/2019\/03\/DSC00859_zsch-768x1024.jpg 768w, https:\/\/domino-trauerndekinder.de\/wordpress\/wp-content\/uploads\/2019\/03\/DSC00859_zsch-225x300.jpg 225w, https:\/\/domino-trauerndekinder.de\/wordpress\/wp-content\/uploads\/2019\/03\/DSC00859_zsch.jpg 1524w\" sizes=\"auto, (max-width: 768px) 100vw, 768px\" \/><\/figure><div class=\"wp-block-media-text__content\">\n<p>Da die Angebote f\u00fcr die trauernden Jugendlichen und Kinder mit ihren Angeh\u00f6rigen&nbsp;<strong>kostenlos<\/strong> sind, ben\u00f6tigt der Verein DOMINO \u2013 Zentrum f\u00fcr trauernde Kinder e. V. dringend finanzielle Unterst\u00fctzung und F\u00f6rderung durch&nbsp;<strong>Spenden<\/strong>. Gern beantworten wir hierzu auch ganz pers\u00f6nliche Fragen.<\/p>\n<\/div><\/div>\n\n\n\n<p>\nBankverbindungen und Anschriften finden sie unter&nbsp;<a href=\"http:\/\/www.domino-trauerndekinder.de\/index.php?pcid=6&amp;pdid=6\">Kontakt.<\/a><\/p>\n\n\n\n<p><strong>Das Team von DOMINO<\/strong><br>Die p\u00e4dagogische Arbeit, Struktur der Gruppen und Organisatorisches werden von den<strong>&nbsp;Gruppenleitern<\/strong>\n als Team abgestimmt. Viele MitarbeiterInnen kommen aus dem sozialen \noder p\u00e4dagogischen Bereich und verf\u00fcgen \u00fcber jahrelange Erfahrung in der\n praktischen Kinder- und Jugendarbeit. Andere wiederum haben \u00fcber die \neigenen Kinder ausreichend Erfahrung gesammelt. Wichtig f\u00fcr das \nBegleiten und Unterst\u00fctzen der trauernden Kinder und Jugendlichen ist, \ndass man sich sensibel einf\u00fchlen und zur\u00fccknehmen kann, dass man sich an\n die eigene Kindheit erinnert und ein gewisses Ma\u00df an Sozialkompetenz \nhat. Das Durchleben von Trauer in der eigenen Lebensgeschichte ist \ninsofern von Vorteil, als die MitarbeiterInnen weniger Angst haben, mit \ndiesem Thema umzugehen, und dem Gegen\u00fcber, dem Kind, mehr Verst\u00e4ndnis \nentgegenbringen.\n\n<\/p>\n\n\n\n<p>\nPersonen, die an einer praktischen Mitarbeit interessiert sind, werden \nvon uns in Wochenendseminaren auf ihre T\u00e4tigkeit vorbereitet und unter \nAnleitung an die Trauerbegleitung in den Gruppen herangef\u00fchrt und in \nregelm\u00e4\u00dfigen Vor- und Nachbereitungsgespr\u00e4chen sowie \nSupervisionsangeboten weitergebildet.\n\n<\/p>\n\n\n\n<hr class=\"wp-block-separator has-css-opacity\"\/>\n\n\n\n<p><\/p>\n","protected":false},"excerpt":{"rendered":"<p>Angebote DOMINO bietet trauernden Kindern und Jugendlichen in Unterst\u00fctzungsgruppen gesch\u00fctzte R\u00e4ume, in denen sie ihren individuellen Trauerweg finden und ihre Trauergef\u00fchle kreativ durchleben k\u00f6nnen. In aktuellen Trauerf\u00e4llen beraten wir gerne &#8230;<\/p>\n","protected":false},"author":1,"featured_media":0,"parent":0,"menu_order":4,"comment_status":"closed","ping_status":"closed","template":"","meta":{"footnotes":""},"class_list":["post-28","page","type-page","status-publish","hentry"],"_links":{"self":[{"href":"https:\/\/domino-trauerndekinder.de\/index.php?rest_route=\/wp\/v2\/pages\/28","targetHints":{"allow":["GET"]}}],"collection":[{"href":"https:\/\/domino-trauerndekinder.de\/index.php?rest_route=\/wp\/v2\/pages"}],"about":[{"href":"https:\/\/domino-trauerndekinder.de\/index.php?rest_route=\/wp\/v2\/types\/page"}],"author":[{"embeddable":true,"href":"https:\/\/domino-trauerndekinder.de\/index.php?rest_route=\/wp\/v2\/users\/1"}],"replies":[{"embeddable":true,"href":"https:\/\/domino-trauerndekinder.de\/index.php?rest_route=%2Fwp%2Fv2%2Fcomments&post=28"}],"version-history":[{"count":36,"href":"https:\/\/domino-trauerndekinder.de\/index.php?rest_route=\/wp\/v2\/pages\/28\/revisions"}],"predecessor-version":[{"id":933,"href":"https:\/\/domino-trauerndekinder.de\/index.php?rest_route=\/wp\/v2\/pages\/28\/revisions\/933"}],"wp:attachment":[{"href":"https:\/\/domino-trauerndekinder.de\/index.php?rest_route=%2Fwp%2Fv2%2Fmedia&parent=28"}],"curies":[{"name":"wp","href":"https:\/\/api.w.org\/{rel}","templated":true}]}}