{"id":19,"date":"2018-12-06T17:44:11","date_gmt":"2018-12-06T17:44:11","guid":{"rendered":"https:\/\/domino-trauerndekinder.de\/wordpress\/?page_id=19"},"modified":"2025-02-21T11:44:48","modified_gmt":"2025-02-21T11:44:48","slug":"herzlich-willkommen-auf-der-homepage-von-domino-zentrum-fuer-trauernde-kinder-e-v","status":"publish","type":"page","link":"https:\/\/domino-trauerndekinder.de\/","title":{"rendered":"DOMINO"},"content":{"rendered":"\n<p><\/p>\n\n\n<p>DOMINO versteht sich als Anlaufstelle f\u00fcr Kinder und Jugendliche, die einen nahestehenden Menschen durch Tod verloren haben.<\/p>\n<p>In begleiteten Unterst\u00fctzungsgruppen bietet DOMINO in Bergisch Gladbach und Leverkusen gesch\u00fctzte R\u00e4ume, in denen den oft \u00fcbersehenen trauernden Kindern und Jugendlichen \u2013 unabh\u00e4ngig vom sozialen Umfeld \u2013 Gelegenheit gegeben wird, ihren individuellen Trauerweg zu finden und auf positive und kreative Weise ihre Trauergef\u00fchle zu durchleben.<\/p>\n<p>Es wird keine Therapie angeboten, sondern ein Mitgehen, Begleiten und Unterst\u00fctzen der Trauernden.<\/p>\n<p>Zielgruppe sind Kinder und Jugendliche, die nach einem Todesfall Schwierigkeiten mit ihren Trauergef\u00fchlen haben oder Auff\u00e4lligkeiten in ihrem Verhalten zeigen. Daneben werden Bezugspersonen, P\u00e4dagogen und andere interessierte\/betroffene Personen beraten und informiert.<\/p>\n\n\n<h3 class=\"wp-block-heading\"><br>Haben sie Fragen?<\/h3>\n\n\n\n<p>Telefonisch erreichen Sie uns montags und mittwochs von 09:00 bis 11:00.<br>Tel. <a href=\"tel:022029597005\">02202 9597005<\/a><br>Mobil: <a href=\"tel:+4015174567526\" data-type=\"page\" data-id=\"820\">0151 74567526<\/a><br>Nutzen sie w\u00e4hrend anderer Zeiten gerne unseren Anrufbeantworter, oder<br>Email: <a href=\"mailto:info@domino-trauerndekinder.de\">info@domino-trauerndekinder.de<\/a><\/p>\n\n\n\n<p><br><\/p>\n\n\n\n<figure class=\"wp-block-embed is-type-video is-provider-youtube wp-block-embed-youtube wp-embed-aspect-16-9 wp-has-aspect-ratio\"><div class=\"wp-block-embed__wrapper\">\n<iframe loading=\"lazy\" title=\"\u00dcber DOMINO - Trauerbegleitung f\u00fcr Kinder und Jugendliche e.V.\" width=\"800\" height=\"450\" src=\"https:\/\/www.youtube.com\/embed\/9t64_Ipb_wk?feature=oembed\" frameborder=\"0\" allow=\"accelerometer; autoplay; clipboard-write; encrypted-media; gyroscope; picture-in-picture; web-share\" referrerpolicy=\"strict-origin-when-cross-origin\" allowfullscreen><\/iframe>\n<\/div><\/figure>\n\n\n\n<p><\/p>\n","protected":false},"excerpt":{"rendered":"<p>DOMINO versteht sich als Anlaufstelle f\u00fcr Kinder und Jugendliche, die einen nahestehenden Menschen durch Tod verloren haben. In begleiteten Unterst\u00fctzungsgruppen bietet DOMINO in Bergisch Gladbach und Leverkusen gesch\u00fctzte R\u00e4ume, in &#8230;<\/p>\n","protected":false},"author":1,"featured_media":0,"parent":0,"menu_order":1,"comment_status":"closed","ping_status":"closed","template":"template-frontpage.php","meta":{"footnotes":""},"class_list":["post-19","page","type-page","status-publish","hentry"],"_links":{"self":[{"href":"https:\/\/domino-trauerndekinder.de\/index.php?rest_route=\/wp\/v2\/pages\/19","targetHints":{"allow":["GET"]}}],"collection":[{"href":"https:\/\/domino-trauerndekinder.de\/index.php?rest_route=\/wp\/v2\/pages"}],"about":[{"href":"https:\/\/domino-trauerndekinder.de\/index.php?rest_route=\/wp\/v2\/types\/page"}],"author":[{"embeddable":true,"href":"https:\/\/domino-trauerndekinder.de\/index.php?rest_route=\/wp\/v2\/users\/1"}],"replies":[{"embeddable":true,"href":"https:\/\/domino-trauerndekinder.de\/index.php?rest_route=%2Fwp%2Fv2%2Fcomments&post=19"}],"version-history":[{"count":18,"href":"https:\/\/domino-trauerndekinder.de\/index.php?rest_route=\/wp\/v2\/pages\/19\/revisions"}],"predecessor-version":[{"id":958,"href":"https:\/\/domino-trauerndekinder.de\/index.php?rest_route=\/wp\/v2\/pages\/19\/revisions\/958"}],"wp:attachment":[{"href":"https:\/\/domino-trauerndekinder.de\/index.php?rest_route=%2Fwp%2Fv2%2Fmedia&parent=19"}],"curies":[{"name":"wp","href":"https:\/\/api.w.org\/{rel}","templated":true}]}}